{"id":3,"date":"2023-12-08T10:30:24","date_gmt":"2023-12-08T10:30:24","guid":{"rendered":"http:\/\/new.lunarclinic.net\/?page_id=3"},"modified":"2024-01-08T00:27:03","modified_gmt":"2024-01-08T00:27:03","slug":"gizlilik-politikasi-2","status":"publish","type":"page","link":"https:\/\/lunarclinics.net\/tr\/gizlilik-politikasi-2\/","title":{"rendered":"Gizlilik Politikas\u0131"},"content":{"rendered":"<p>Y\u00fcr\u00fcrl\u00fck Tarihi: 08\/01\/20224<\/p>\n\n\n\n<p><strong>Bilgileriniz, Sa\u011fl\u0131\u011f\u0131n\u0131z, Haklar\u0131n\u0131z: Sorumlulu\u011fumuz<\/strong><\/p>\n\n\n\n<p>Lunar Clinic&#039;te gizlili\u011finiz bizim \u00f6nceli\u011fimizdir. Ki\u015fisel bilgilerinizi dikkatli ve \u015feffaf bir \u015fekilde kullanmaya kararl\u0131y\u0131z. A\u015fa\u011f\u0131da verilerinizi nas\u0131l toplad\u0131\u011f\u0131m\u0131z, kulland\u0131\u011f\u0131m\u0131z ve korudu\u011fumuzla ilgili ayr\u0131nt\u0131lar\u0131 bulacaks\u0131n\u0131z.<\/p>\n\n\n\n<p><strong>Emin olabilirsiniz<\/strong><\/p>\n\n\n\n<p>Bizimle bilgi payla\u015f\u0131rken kendinizi g\u00fcvende hissetmenizi istiyoruz. \u0130\u015fte bekleyebilece\u011finiz \u015feyler:<\/p>\n\n\n\n<ul class=\"wp-block-list\">\n<li><strong>A\u00e7\u0131k R\u0131za:<\/strong> Ki\u015fisel bilgilerinizi yaln\u0131zca a\u00e7\u0131k r\u0131zan\u0131z ve bilginiz dahilinde topluyoruz.<\/li>\n\n\n\n<li><strong>Gizlilik:<\/strong> Ki\u015fisel bilgileriniz, bu gizlilik politikas\u0131nda belirtilen durumlar d\u0131\u015f\u0131nda, \u00f6nceden izniniz olmadan hi\u00e7bir zaman \u00fc\u00e7\u00fcnc\u00fc taraflara a\u00e7\u0131klanmayacakt\u0131r.<\/li>\n\n\n\n<li><strong>Kontrol:<\/strong> Gerekti\u011finde ki\u015fisel bilgilerinizi g\u00f6zden ge\u00e7irme ve de\u011fi\u015ftirme yetkisine sahipsiniz.<\/li>\n\n\n\n<li><strong>G\u00fcvenlik:<\/strong> Bize emanet etti\u011finiz t\u00fcm ki\u015fisel bilgilerin g\u00fcvenli\u011fini korumak i\u00e7in s\u0131k\u0131 \u00f6nlemler al\u0131nmaktad\u0131r.<\/li>\n\n\n\n<li><strong>Bildiri:<\/strong> Sa\u011flad\u0131\u011f\u0131n\u0131z bilgilerin gizlili\u011fine y\u00f6nelik herhangi bir \u015f\u00fcphe durumunda derhal bilgilendirileceksiniz.<\/li>\n<\/ul>\n\n\n\n<p><strong>Gizlilik endi\u015feleri<\/strong><\/p>\n\n\n\n<p>Gizlilik kayg\u0131lar\u0131n\u0131z bizim i\u00e7in son derece \u00f6nemlidir. Bu b\u00f6l\u00fcm gizlilik politikam\u0131z\u0131n belirli y\u00f6nlerini ele almay\u0131 ama\u00e7lamaktad\u0131r.<\/p>\n\n\n\n<p><strong>G\u00f6z at\u0131l\u0131yor<\/strong><\/p>\n\n\n\n<p>Bu web sitesi, a\u00e7\u0131k izniniz olmadan ki\u015fisel cihaz\u0131n\u0131zdan herhangi bir \u00f6zel veri toplamamas\u0131n\u0131 sa\u011flayacak \u015fekilde tasarlanm\u0131\u015ft\u0131r.<\/p>\n\n\n\n<p><strong>IP Adresiniz<\/strong><\/p>\n\n\n\n<p>Web sitemize g\u00f6z atarken, ana sunucu IP adresiniz, tarama tarihiniz ve saatiniz, taray\u0131c\u0131n\u0131z ve y\u00f6nlendiren URL gibi teknik ayr\u0131nt\u0131lar\u0131 kaydedebilir.<\/p>\n\n\n\n<p><strong>Veri analizi<\/strong><\/p>\n\n\n\n<p>Veri analizini yaln\u0131zca hizmetlerimizi de\u011ferlendirmek ve geli\u015ftirmek amac\u0131yla yap\u0131yoruz. Geri bildiriminiz de\u011ferlidir ve geri bildiriminizi g\u00f6nderirken ki\u015fisel veri sa\u011flama y\u00fck\u00fcml\u00fcl\u00fc\u011f\u00fcn\u00fcz yoktur.<\/p>\n\n\n\n<p><strong>Veri gizlili\u011fi<\/strong><\/p>\n\n\n\n<p>Ki\u015fisel verileriniz b\u00fcy\u00fck bir titizlikle i\u015flenmektedir. Kullan\u0131c\u0131lar\u0131 ki\u015fisel ayr\u0131nt\u0131lar, ileti\u015fim bilgileri ve g\u00f6rseller de dahil olmak \u00fczere verilerine yetkisiz eri\u015fime veya bunlar\u0131n de\u011fi\u015ftirilmesine kar\u015f\u0131 \u00f6zenle koruyoruz.<\/p>\n\n\n\n<p><strong>Taleplerinizi \u0130\u015flemek \u0130\u00e7in Gerekli Veriler<\/strong><\/p>\n\n\n\n<p>Ki\u015fisel verilerinize ihtiya\u00e7 duydu\u011fumuzda a\u00e7\u0131k onay\u0131n\u0131z\u0131 isteyece\u011fiz. \u0130statistiksel ama\u00e7larla veya ara\u015ft\u0131rma amac\u0131yla kullan\u0131lan, ki\u015fisel olarak tan\u0131mlanamayan bilgiler olmad\u0131\u011f\u0131 s\u00fcrece, verilerinizi \u00f6nceden yaz\u0131l\u0131 onay\u0131n\u0131z olmadan hi\u00e7bir zaman pazarlama amac\u0131yla herhangi bir \u00fc\u00e7\u00fcnc\u00fc tarafa satmayaca\u011f\u0131m\u0131z\u0131 garanti ederiz.<\/p>\n\n\n\n<p><strong>\u0130leti\u015fim Bilgileriniz<\/strong><\/p>\n\n\n\n<p>Sa\u011flad\u0131\u011f\u0131n\u0131z bilgiler \u00f6zel bilgi olarak de\u011ferlendirilecektir. Web sitemiz arac\u0131l\u0131\u011f\u0131yla g\u00f6nderilen veriler, \u00fccretsiz dan\u0131\u015fmanl\u0131k sunmak, adres sorgulamalar\u0131 yapmak ve bu web sitesinden veya ilgili alt sitelerden gelen talepleri i\u015flemek i\u00e7in kullan\u0131l\u0131r.<\/p>\n\n\n\n<p><strong>Bilgi Korumas\u0131<\/strong><\/p>\n\n\n\n<p>Kanunen zorunlu k\u0131l\u0131nmad\u0131k\u00e7a ki\u015fisel verilerinizi \u00fc\u00e7\u00fcnc\u00fc taraflara satmaktan veya pazarlamaktan kesinlikle ka\u00e7\u0131n\u0131r\u0131z.<\/p>\n\n\n\n<p><strong>A\u00e7\u0131klama ve Onay<\/strong><\/p>\n\n\n\n<p>Bu b\u00f6l\u00fcmde 6698 Say\u0131l\u0131 Ki\u015fisel Verilerin Korunmas\u0131 Kanunu (\u201cKVKK\u201d) uyar\u0131nca uygulamalar\u0131m\u0131z \u00f6zetlenmektedir. Ki\u015fisel verilerin toplanma y\u00f6ntemlerini, i\u015flenme ama\u00e7lar\u0131n\u0131, \u00fc\u00e7\u00fcnc\u00fc ki\u015filere ve yurt d\u0131\u015f\u0131na aktar\u0131lmas\u0131n\u0131 kapsar.<\/p>\n\n\n\n<h2 class=\"wp-block-heading\"><strong>Ki\u015fisel Veri Sahibinin Haklar\u0131<\/strong><\/h2>\n\n\n\n<p>Ki\u015fisel Verilerin Korunmas\u0131 Kanunu\u2019nun 11. maddesi uyar\u0131nca Lunar Clinic, ki\u015fisel verilere ili\u015fkin taleplerinizi a\u015fa\u011f\u0131daki \u015fekilde yan\u0131tlayacakt\u0131r:<\/p>\n\n\n\n<ul class=\"wp-block-list\">\n<li>Lunar Clinic&#039;in ki\u015fisel verileri i\u015fleyip i\u015flemedi\u011fini ve hangi verileri i\u015fledi\u011fini \u00f6\u011frenmek.<\/li>\n\n\n\n<li>\u0130\u015fleme faaliyetlerinin ama\u00e7lar\u0131 hakk\u0131nda bilgi edinmek.<\/li>\n\n\n\n<li>Lunar Clinic&#039;in yurt i\u00e7inde veya yurt d\u0131\u015f\u0131nda ki\u015fisel verileri aktard\u0131\u011f\u0131 \u00fc\u00e7\u00fcnc\u00fc ki\u015fileri bilme.<\/li>\n\n\n\n<li>Ki\u015fisel verilerin eksik veya yanl\u0131\u015f i\u015flenmesi h\u00e2linde bunlar\u0131n d\u00fczeltilmesini talep etme.<\/li>\n\n\n\n<li>Ki\u015fisel verilerin silinmesini veya yok edilmesini isteme.<\/li>\n\n\n\n<li>Verilerin otomatik olarak i\u015flenmesine itiraz etmek.<\/li>\n\n\n\n<li>Ki\u015fisel verilerin bir kopyas\u0131n\u0131 almak i\u00e7in.<\/li>\n<\/ul>\n\n\n\n<p>Yorumlar\u0131n\u0131z ve sorular\u0131n\u0131z i\u00e7in \u00e7ekinmeyin <a href=\"https:\/\/lunarclinic.net\/contact-us\/\" target=\"_blank\" rel=\"noopener\">bize Ula\u015f\u0131n.<\/a><\/p>","protected":false},"excerpt":{"rendered":"<p>Effective Date: 08\/01\/20224 Your Information, Your Health, Your Rights: Our Responsibility At [&hellip;]<\/p>\n","protected":false},"author":1,"featured_media":0,"parent":0,"menu_order":0,"comment_status":"closed","ping_status":"open","template":"","meta":{"footnotes":""},"class_list":["post-3","page","type-page","status-publish","hentry"],"_links":{"self":[{"href":"https:\/\/lunarclinics.net\/tr\/wp-json\/wp\/v2\/pages\/3","targetHints":{"allow":["GET"]}}],"collection":[{"href":"https:\/\/lunarclinics.net\/tr\/wp-json\/wp\/v2\/pages"}],"about":[{"href":"https:\/\/lunarclinics.net\/tr\/wp-json\/wp\/v2\/types\/page"}],"author":[{"embeddable":true,"href":"https:\/\/lunarclinics.net\/tr\/wp-json\/wp\/v2\/users\/1"}],"replies":[{"embeddable":true,"href":"https:\/\/lunarclinics.net\/tr\/wp-json\/wp\/v2\/comments?post=3"}],"version-history":[{"count":3,"href":"https:\/\/lunarclinics.net\/tr\/wp-json\/wp\/v2\/pages\/3\/revisions"}],"predecessor-version":[{"id":1790,"href":"https:\/\/lunarclinics.net\/tr\/wp-json\/wp\/v2\/pages\/3\/revisions\/1790"}],"wp:attachment":[{"href":"https:\/\/lunarclinics.net\/tr\/wp-json\/wp\/v2\/media?parent=3"}],"curies":[{"name":"wp","href":"https:\/\/api.w.org\/{rel}","templated":true}]}}