{"id":3,"date":"2023-12-08T10:30:24","date_gmt":"2023-12-08T10:30:24","guid":{"rendered":"http:\/\/new.lunarclinic.net\/?page_id=3"},"modified":"2024-01-08T00:27:03","modified_gmt":"2024-01-08T00:27:03","slug":"politica-de-privacidad","status":"publish","type":"page","link":"https:\/\/lunarclinics.net\/es\/politica-de-privacidad\/","title":{"rendered":"pol\u00edtica de privacidad"},"content":{"rendered":"<p>Fecha de vigencia: 01\/08\/20224<\/p>\n\n\n\n<p><strong>Su informaci\u00f3n, su salud, sus derechos: nuestra responsabilidad<\/strong><\/p>\n\n\n\n<p>En Luna Clinic, su privacidad es nuestra principal prioridad. Estamos comprometidos a manejar su informaci\u00f3n personal con cuidado y transparencia. A continuaci\u00f3n, encontrar\u00e1 detalles sobre c\u00f3mo recopilamos, utilizamos y salvaguardamos sus datos.<\/p>\n\n\n\n<p><strong>Est\u00e1 seguro<\/strong><\/p>\n\n\n\n<p>Queremos que se sienta seguro al compartir informaci\u00f3n con nosotros. Esto es lo que puede esperar:<\/p>\n\n\n\n<ul class=\"wp-block-list\">\n<li><strong>Consentimiento expl\u00edcito:<\/strong> Solo recopilamos informaci\u00f3n personal con su consentimiento y conocimiento expl\u00edcitos.<\/li>\n\n\n\n<li><strong>Confidencialidad:<\/strong> Su informaci\u00f3n personal nunca ser\u00e1 revelada a ning\u00fan tercero sin su consentimiento previo, excepto como se describe en esta pol\u00edtica de privacidad.<\/li>\n\n\n\n<li><strong>Control:<\/strong> Tiene el poder de revisar y modificar su informaci\u00f3n personal seg\u00fan sea necesario.<\/li>\n\n\n\n<li><strong>Seguridad:<\/strong> Existen medidas rigurosas para salvaguardar la seguridad de toda la informaci\u00f3n personal que nos conf\u00eda.<\/li>\n\n\n\n<li><strong>Notificaci\u00f3n:<\/strong> Se le notificar\u00e1 de inmediato en caso de que se sospeche que se ha comprometido la privacidad de la informaci\u00f3n proporcionada.<\/li>\n<\/ul>\n\n\n\n<p><strong>Preocupaciones sobre la privacidad<\/strong><\/p>\n\n\n\n<p>Sus preocupaciones sobre la privacidad son de suma importancia para nosotros. Esta secci\u00f3n tiene como objetivo abordar aspectos espec\u00edficos de nuestra pol\u00edtica de privacidad.<\/p>\n\n\n\n<p><strong>Hojeada<\/strong><\/p>\n\n\n\n<p>Este sitio web est\u00e1 dise\u00f1ado para garantizar que no recopile ning\u00fan dato privado de su dispositivo personal sin su consentimiento expl\u00edcito.<\/p>\n\n\n\n<p><strong>Su direcci\u00f3n IP<\/strong><\/p>\n\n\n\n<p>Mientras navega por nuestro sitio web, el servidor host puede registrar detalles t\u00e9cnicos como su direcci\u00f3n IP, fecha y hora de navegaci\u00f3n, su navegador y la URL de referencia.<\/p>\n\n\n\n<p><strong>An\u00e1lisis de los datos<\/strong><\/p>\n\n\n\n<p>Realizamos an\u00e1lisis de datos \u00fanicamente con el fin de evaluar y mejorar nuestros servicios. Sus comentarios son valiosos y no tiene la obligaci\u00f3n de proporcionar datos personales al enviarlos.<\/p>\n\n\n\n<p><strong>Privacidad de datos<\/strong><\/p>\n\n\n\n<p>Tus datos personales son tratados con el m\u00e1ximo cuidado. Protegemos diligentemente a los usuarios de cualquier acceso no autorizado o alteraci\u00f3n de sus datos, incluidos datos personales, informaci\u00f3n de contacto e im\u00e1genes.<\/p>\n\n\n\n<p><strong>Datos necesarios para procesar sus solicitudes<\/strong><\/p>\n\n\n\n<p>Siempre que necesitemos sus datos personales, solicitaremos su consentimiento expl\u00edcito. Garantizamos que nunca venderemos sus datos a terceros con fines de marketing sin su aprobaci\u00f3n previa por escrito, a menos que se trate de informaci\u00f3n de identificaci\u00f3n no personal utilizada con fines estad\u00edsticos o de investigaci\u00f3n.<\/p>\n\n\n\n<p><strong>tu informaci\u00f3n de contacto<\/strong><\/p>\n\n\n\n<p>La informaci\u00f3n que usted proporcione ser\u00e1 tratada como privada. Los datos enviados a trav\u00e9s de nuestro sitio web se utilizan para ofrecer consultas gratuitas, atender consultas y procesar solicitudes de este sitio web o cualquier subsitio asociado.<\/p>\n\n\n\n<p><strong>Protecci\u00f3n de la informaci\u00f3n<\/strong><\/p>\n\n\n\n<p>Nos abstenemos estrictamente de vender o comercializar sus datos personales a terceros a menos que lo exija la ley.<\/p>\n\n\n\n<p><strong>Divulgaci\u00f3n y aprobaci\u00f3n<\/strong><\/p>\n\n\n\n<p>Esta secci\u00f3n describe nuestras pr\u00e1cticas de conformidad con la Ley de Protecci\u00f3n de Datos Personales N\u00b0 6698 (\u201cKVKK\u201d). Cubre los m\u00e9todos de recopilaci\u00f3n, fines de procesamiento y transferencia de datos personales a terceros y al extranjero.<\/p>\n\n\n\n<h2 class=\"wp-block-heading\"><strong>Derechos del Titular de Datos Personales<\/strong><\/h2>\n\n\n\n<p>Seg\u00fan el art\u00edculo 11 de la Ley de Protecci\u00f3n de Datos Personales, Cl\u00ednica Lunar atender\u00e1 sus solicitudes en materia de datos personales:<\/p>\n\n\n\n<ul class=\"wp-block-list\">\n<li>Conocer si Lunar Clinic trata datos personales y qu\u00e9 datos trata.<\/li>\n\n\n\n<li>Obtener informaci\u00f3n sobre las finalidades de las actividades de tratamiento.<\/li>\n\n\n\n<li>Conocer los terceros a quienes Cl\u00ednica Lunar ha transferido datos personales a nivel nacional o extranjero.<\/li>\n\n\n\n<li>Solicitar la correcci\u00f3n de datos personales en caso de procesamiento incompleto o incorrecto.<\/li>\n\n\n\n<li>Solicitar la supresi\u00f3n o destrucci\u00f3n de datos personales.<\/li>\n\n\n\n<li>Oponerse al tratamiento automatizado de datos.<\/li>\n\n\n\n<li>Obtener una copia de los datos personales.<\/li>\n<\/ul>\n\n\n\n<p>Para comentarios y preguntas, no dude en <a href=\"https:\/\/lunarclinic.net\/contact-us\/\" target=\"_blank\" rel=\"noopener\">Cont\u00e1ctenos.<\/a><\/p>","protected":false},"excerpt":{"rendered":"<p>Effective Date: 08\/01\/20224 Your Information, Your Health, Your Rights: Our Responsibility At [&hellip;]<\/p>\n","protected":false},"author":1,"featured_media":0,"parent":0,"menu_order":0,"comment_status":"closed","ping_status":"open","template":"","meta":{"footnotes":""},"class_list":["post-3","page","type-page","status-publish","hentry"],"_links":{"self":[{"href":"https:\/\/lunarclinics.net\/es\/wp-json\/wp\/v2\/pages\/3","targetHints":{"allow":["GET"]}}],"collection":[{"href":"https:\/\/lunarclinics.net\/es\/wp-json\/wp\/v2\/pages"}],"about":[{"href":"https:\/\/lunarclinics.net\/es\/wp-json\/wp\/v2\/types\/page"}],"author":[{"embeddable":true,"href":"https:\/\/lunarclinics.net\/es\/wp-json\/wp\/v2\/users\/1"}],"replies":[{"embeddable":true,"href":"https:\/\/lunarclinics.net\/es\/wp-json\/wp\/v2\/comments?post=3"}],"version-history":[{"count":3,"href":"https:\/\/lunarclinics.net\/es\/wp-json\/wp\/v2\/pages\/3\/revisions"}],"predecessor-version":[{"id":1790,"href":"https:\/\/lunarclinics.net\/es\/wp-json\/wp\/v2\/pages\/3\/revisions\/1790"}],"wp:attachment":[{"href":"https:\/\/lunarclinics.net\/es\/wp-json\/wp\/v2\/media?parent=3"}],"curies":[{"name":"wp","href":"https:\/\/api.w.org\/{rel}","templated":true}]}}